{"id":20558,"date":"2023-06-13T12:08:23","date_gmt":"2023-06-13T11:08:23","guid":{"rendered":"https:\/\/www.mycasa.eu\/consejo-legal\/"},"modified":"2023-07-06T20:51:40","modified_gmt":"2023-07-06T19:51:40","slug":"consejo-legal","status":"publish","type":"page","link":"https:\/\/www.mycasa.eu\/es\/consejo-legal\/","title":{"rendered":"Consejo legal"},"content":{"rendered":"\t\t<div data-elementor-type=\"wp-page\" data-elementor-id=\"20558\" class=\"elementor elementor-20558 elementor-19110\">\n\t\t\t\t\t\t<section class=\"elementor-section elementor-top-section elementor-element elementor-element-314caf73 elementor-section-height-min-height elementor-section-stretched elementor-section-boxed elementor-section-height-default elementor-section-items-middle\" data-id=\"314caf73\" data-element_type=\"section\" data-settings=\"{&quot;background_background&quot;:&quot;classic&quot;,&quot;stretch_section&quot;:&quot;section-stretched&quot;}\">\n\t\t\t\t\t\t\t<div class=\"elementor-background-overlay\"><\/div>\n\t\t\t\t\t\t\t<div class=\"elementor-container elementor-column-gap-default\">\n\t\t\t\t\t<div class=\"elementor-column elementor-col-100 elementor-top-column elementor-element elementor-element-35484715\" data-id=\"35484715\" data-element_type=\"column\">\n\t\t\t<div class=\"elementor-widget-wrap elementor-element-populated\">\n\t\t\t\t\t\t<div class=\"elementor-element elementor-element-136e302f elementor-invisible elementor-widget elementor-widget-heading\" data-id=\"136e302f\" data-element_type=\"widget\" data-settings=\"{&quot;_animation&quot;:&quot;fadeIn&quot;}\" data-widget_type=\"heading.default\">\n\t\t\t\t<div class=\"elementor-widget-container\">\n\t\t\t\t\t<h1 class=\"elementor-heading-title elementor-size-default\">Asesoramiento Legal<\/h1>\t\t\t\t<\/div>\n\t\t\t\t<\/div>\n\t\t\t\t<div class=\"elementor-element elementor-element-407273e5 elementor-invisible elementor-widget elementor-widget-heading\" data-id=\"407273e5\" data-element_type=\"widget\" data-settings=\"{&quot;_animation&quot;:&quot;fadeIn&quot;,&quot;_animation_delay&quot;:250}\" data-widget_type=\"heading.default\">\n\t\t\t\t<div class=\"elementor-widget-container\">\n\t\t\t\t\t<div class=\"elementor-heading-title elementor-size-default\">INMO HABITAT ONE - INMOBILIARIA<\/div>\t\t\t\t<\/div>\n\t\t\t\t<\/div>\n\t\t\t\t\t<\/div>\n\t\t<\/div>\n\t\t\t\t\t<\/div>\n\t\t<\/section>\n\t\t\t\t<section class=\"elementor-section elementor-top-section elementor-element elementor-element-740bb12e elementor-section-boxed elementor-section-height-default elementor-section-height-default\" data-id=\"740bb12e\" data-element_type=\"section\">\n\t\t\t\t\t\t<div class=\"elementor-container elementor-column-gap-default\">\n\t\t\t\t\t<div class=\"elementor-column elementor-col-100 elementor-top-column elementor-element elementor-element-2adcff02\" data-id=\"2adcff02\" data-element_type=\"column\">\n\t\t\t<div class=\"elementor-widget-wrap elementor-element-populated\">\n\t\t\t\t\t\t<div class=\"elementor-element elementor-element-30511551 elementor-widget elementor-widget-spacer\" data-id=\"30511551\" data-element_type=\"widget\" data-widget_type=\"spacer.default\">\n\t\t\t\t<div class=\"elementor-widget-container\">\n\t\t\t\t\t\t\t<div class=\"elementor-spacer\">\n\t\t\t<div class=\"elementor-spacer-inner\"><\/div>\n\t\t<\/div>\n\t\t\t\t\t\t<\/div>\n\t\t\t\t<\/div>\n\t\t\t\t<section class=\"elementor-section elementor-inner-section elementor-element elementor-element-6af1341e elementor-section-full_width elementor-section-height-default elementor-section-height-default\" data-id=\"6af1341e\" data-element_type=\"section\">\n\t\t\t\t\t\t<div class=\"elementor-container elementor-column-gap-default\">\n\t\t\t\t\t<div class=\"elementor-column elementor-col-100 elementor-inner-column elementor-element elementor-element-62523401\" data-id=\"62523401\" data-element_type=\"column\">\n\t\t\t<div class=\"elementor-widget-wrap elementor-element-populated\">\n\t\t\t\t\t\t<div class=\"elementor-element elementor-element-5c325d3b elementor-invisible elementor-widget elementor-widget-heading\" data-id=\"5c325d3b\" data-element_type=\"widget\" data-settings=\"{&quot;_animation&quot;:&quot;fadeIn&quot;,&quot;_animation_delay&quot;:250}\" data-widget_type=\"heading.default\">\n\t\t\t\t<div class=\"elementor-widget-container\">\n\t\t\t\t\t<h2 class=\"elementor-heading-title elementor-size-default\">\u00bfNECESITA UN ABOGADO PARA COMPRAR UNA PROPIEDAD EN ESPA\u00d1A?<\/h2>\t\t\t\t<\/div>\n\t\t\t\t<\/div>\n\t\t\t\t\t<\/div>\n\t\t<\/div>\n\t\t\t\t\t<\/div>\n\t\t<\/section>\n\t\t\t\t<div class=\"elementor-element elementor-element-6711b523 elementor-widget elementor-widget-text-editor\" data-id=\"6711b523\" data-element_type=\"widget\" data-widget_type=\"text-editor.default\">\n\t\t\t\t<div class=\"elementor-widget-container\">\n\t\t\t\t\t\t\t\t\t<p>Una pregunta que nos hacen a menudo es <strong>\u00ab\u00bfNecesito un abogado para comprar una propiedad en Espa\u00f1a?\u00bb<\/strong><\/p><p>La mejor sugerencia legal y la respuesta a su pregunta es un rotundo \u00a1S\u00ed! Aconsejamos a cualquier persona que este considerando comprar una propiedad en cualquier parte del mundo recurrir a un abogado para proteger sus intereses. La gran mayor\u00eda de las historias de terror que escuchamos se remontan a no seguir los consejos adecuados en el momento adecuado.<\/p><p>Este consejo es especialmente conmovedor despu\u00e9s de los problemas recientes que hemos visto con las licencias en las costas. Si bien muchos de estos problemas ahora se han resuelto de manera positiva y es m\u00e1s f\u00e1cil verificar la legalidad de la propiedad que est\u00e1 comprando, pero la contrataci\u00f3n de un Abogado le dar\u00e1 la \u00abtranquilidad\u00bb final de que est\u00e1 comprando una propiedad de forma legal.<\/p><p>Tambi\u00e9n nos preguntan si es mejor utilizar un Abogado en su pa\u00eds de origen o uno con sede en Espa\u00f1a. Una vez m\u00e1s, siempre recomendamos utilizar un Abogado con conocimiento local, ya que esto puede hacer que todo el proceso sea mucho m\u00e1s sencillo.<\/p><p>Contamos con un servicio de juristas reconocidos en Espa\u00f1a que son multiling\u00fces y capaces de dar servicios profesionales para todas las nacionalidades. S\u00ed desea hablar con un Abogado, le organizamos la<br \/>reuni\u00f3n para que un profesional independiente se comunique con usted.<\/p>\t\t\t\t\t\t\t\t<\/div>\n\t\t\t\t<\/div>\n\t\t\t\t\t<\/div>\n\t\t<\/div>\n\t\t\t\t\t<\/div>\n\t\t<\/section>\n\t\t\t\t<section class=\"elementor-section elementor-top-section elementor-element elementor-element-649391bf elementor-section-boxed elementor-section-height-default elementor-section-height-default\" data-id=\"649391bf\" data-element_type=\"section\">\n\t\t\t\t\t\t<div class=\"elementor-container elementor-column-gap-default\">\n\t\t\t\t\t<div class=\"elementor-column elementor-col-100 elementor-top-column elementor-element elementor-element-743330d3\" data-id=\"743330d3\" data-element_type=\"column\">\n\t\t\t<div class=\"elementor-widget-wrap elementor-element-populated\">\n\t\t\t\t\t\t<section class=\"elementor-section elementor-inner-section elementor-element elementor-element-73c89848 elementor-section-full_width elementor-section-content-middle elementor-section-height-default elementor-section-height-default elementor-invisible\" data-id=\"73c89848\" data-element_type=\"section\" data-settings=\"{&quot;background_background&quot;:&quot;classic&quot;,&quot;animation&quot;:&quot;fadeIn&quot;}\">\n\t\t\t\t\t\t\t<div class=\"elementor-background-overlay\"><\/div>\n\t\t\t\t\t\t\t<div class=\"elementor-container elementor-column-gap-default\">\n\t\t\t\t\t<div class=\"elementor-column elementor-col-50 elementor-inner-column elementor-element elementor-element-a19107e\" data-id=\"a19107e\" data-element_type=\"column\">\n\t\t\t<div class=\"elementor-widget-wrap elementor-element-populated\">\n\t\t\t\t\t\t<div class=\"elementor-element elementor-element-3bc92dd6 elementor-invisible elementor-widget elementor-widget-heading\" data-id=\"3bc92dd6\" data-element_type=\"widget\" data-settings=\"{&quot;_animation&quot;:&quot;fadeIn&quot;,&quot;_animation_delay&quot;:250}\" data-widget_type=\"heading.default\">\n\t\t\t\t<div class=\"elementor-widget-container\">\n\t\t\t\t\t<h2 class=\"elementor-heading-title elementor-size-large\">\u00bfNECESITA ASESORAMIENTO LEGAL?<\/h2>\t\t\t\t<\/div>\n\t\t\t\t<\/div>\n\t\t\t\t<div class=\"elementor-element elementor-element-6a82b8b4 elementor-widget elementor-widget-text-editor\" data-id=\"6a82b8b4\" data-element_type=\"widget\" data-widget_type=\"text-editor.default\">\n\t\t\t\t<div class=\"elementor-widget-container\">\n\t\t\t\t\t\t\t\t\t<p>\u00a1Podemos ponerle en contacto con los mejores Abogados de compraventa en el \u00e1rea!<\/p>\t\t\t\t\t\t\t\t<\/div>\n\t\t\t\t<\/div>\n\t\t\t\t\t<\/div>\n\t\t<\/div>\n\t\t\t\t<div class=\"elementor-column elementor-col-50 elementor-inner-column elementor-element elementor-element-769fb8df\" data-id=\"769fb8df\" data-element_type=\"column\">\n\t\t\t<div class=\"elementor-widget-wrap elementor-element-populated\">\n\t\t\t\t\t\t<div class=\"elementor-element elementor-element-5acc6aa9 elementor-button-align-stretch elementor-widget elementor-widget-houzez_elementor_inquiry_form\" data-id=\"5acc6aa9\" data-element_type=\"widget\" data-widget_type=\"houzez_elementor_inquiry_form.default\">\n\t\t\t\t<div class=\"elementor-widget-container\">\n\t\t\t\t\t\n        <script type=\"application\/javascript\">\n            jQuery(document).bind(\"ready\", function () {\n                houzezValidateElementor(\"#houzez-form-5acc6aa9\" );\n            });\n        <\/script>\n\n\n        <form class=\"elementor-form\" id=\"houzez-form-5acc6aa9\" method=\"post\" name=\"Nueva forma\" action=\"https:\/\/www.mycasa.eu\/wp-admin\/admin-ajax.php\">\n            <input type=\"hidden\" name=\"form_id\" value=\"5acc6aa9\"\/>\n            <input type=\"hidden\" name=\"action\" value=\"houzez_ele_inquiry_form\" \/>\n            <input type=\"hidden\" name=\"source_link\" value=\"https:\/\/www.mycasa.eu\/es\/consejo-legal\/\" \/>\n            <input type=\"hidden\" name=\"lead_page_id\" value=\"20558\" \/>\n            <input type=\"hidden\" name=\"is_estimation\" value=\"yes\" \/>\n            <input type=\"hidden\" name=\"email_to\" value=\"info@mycasa.eu\" \/>\n            <input type=\"hidden\" name=\"email_subject\" value=\"Legal Advice\" \/>\n            <input type=\"hidden\" name=\"email_to_cc\" value=\"\" \/>\n            <input type=\"hidden\" name=\"email_to_bcc\" value=\"\" \/>\n            <input type=\"hidden\" name=\"webhook\" value=\"false\" \/>\n            <input type=\"hidden\" name=\"webhook_url\" value=\"\" \/>\n            <input type=\"hidden\" name=\"redirect_to\" value=\"\" \/>\n            <input type=\"hidden\" name=\"google_recaptcha\" value=\"false\" \/>\n\n            <div class=\"elementor-form-fields-wrapper elementor-labels-above\">\n\n                                    <div class=\"elementor-field-group elementor-column form-group elementor-field-group-ac32e68 elementor-col-50 elementor-field-required\">\n                    <input type=\"text\" name=\"first_name\" id=\"form-field-ac32e68\" class=\"elementor-field form-control elementor-size-md elementor-field-textual\" placeholder=\"Nombre\" title=\"* Nombre\" required=\"required\">                    <\/div>\n\n                                        <div class=\"elementor-field-group elementor-column form-group elementor-field-group-7304c05 elementor-col-50 elementor-field-required\">\n                    <input type=\"text\" name=\"last_name\" id=\"form-field-7304c05\" class=\"elementor-field form-control elementor-size-md elementor-field-textual\" placeholder=\"Apellido\" title=\"* Apellido\" required=\"required\">                    <\/div>\n\n                                        <div class=\"elementor-field-group elementor-column form-group elementor-field-group-7b74074 elementor-col-50 elementor-field-required\">\n                    <input type=\"email\" name=\"email\" id=\"form-field-7b74074\" class=\"elementor-field form-control elementor-size-md elementor-field-textual\" placeholder=\"Email\" title=\"* Email\" required=\"required\">                    <\/div>\n\n                                        <div class=\"elementor-field-group elementor-column form-group elementor-field-group-e92d2c5 elementor-col-50 elementor-field-required\">\n                    <input type=\"text\" name=\"mobile\" id=\"form-field-e92d2c5\" class=\"elementor-field form-control elementor-size-md elementor-field-textual\" placeholder=\"N\u00famero de tel\u00e9fono\" title=\"* N\u00famero de tel\u00e9fono\" required=\"required\">                    <\/div>\n\n                    \n                    \n                    \n                    <div class=\"elementor-field-group elementor-column elementor-field-type-submit elementor-col-100\">\n                    <button type=\"submit\" class=\"btn houzez-submit-button houzez-contact-form-js elementor-button elementor-size-md\">\n                        <i class=\"btn-loader houzez-loader-js\"><\/i>\n                                                    Enviar                                            <\/button>\n                <\/div>\n            <\/div><!-- End wrapper-->\n            <br\/>\n            <div class=\"ele-form-messages\"><\/div>\n            <div class=\"error-container\"><\/div>\n\n        <\/form>\n\n    \t\t\t\t<\/div>\n\t\t\t\t<\/div>\n\t\t\t\t\t<\/div>\n\t\t<\/div>\n\t\t\t\t\t<\/div>\n\t\t<\/section>\n\t\t\t\t\t<\/div>\n\t\t<\/div>\n\t\t\t\t\t<\/div>\n\t\t<\/section>\n\t\t\t\t<\/div>\n\t\t","protected":false},"excerpt":{"rendered":"<p>Asesoramiento Legal INMO HABITAT ONE &#8211; INMOBILIARIA \u00bfNECESITA UN ABOGADO PARA COMPRAR UNA PROPIEDAD EN ESPA\u00d1A? Una pregunta que nos hacen a menudo es \u00ab\u00bfNecesito un abogado para comprar una propiedad en Espa\u00f1a?\u00bb La mejor sugerencia legal y la respuesta a su pregunta es un rotundo \u00a1S\u00ed! Aconsejamos a cualquier persona que este considerando comprar [&hellip;]<\/p>\n","protected":false},"author":1,"featured_media":0,"parent":0,"menu_order":0,"comment_status":"closed","ping_status":"closed","template":"elementor_header_footer","meta":{"footnotes":""},"class_list":["post-20558","page","type-page","status-publish","hentry"],"_links":{"self":[{"href":"https:\/\/www.mycasa.eu\/es\/wp-json\/wp\/v2\/pages\/20558","targetHints":{"allow":["GET"]}}],"collection":[{"href":"https:\/\/www.mycasa.eu\/es\/wp-json\/wp\/v2\/pages"}],"about":[{"href":"https:\/\/www.mycasa.eu\/es\/wp-json\/wp\/v2\/types\/page"}],"author":[{"embeddable":true,"href":"https:\/\/www.mycasa.eu\/es\/wp-json\/wp\/v2\/users\/1"}],"replies":[{"embeddable":true,"href":"https:\/\/www.mycasa.eu\/es\/wp-json\/wp\/v2\/comments?post=20558"}],"version-history":[{"count":16,"href":"https:\/\/www.mycasa.eu\/es\/wp-json\/wp\/v2\/pages\/20558\/revisions"}],"predecessor-version":[{"id":21079,"href":"https:\/\/www.mycasa.eu\/es\/wp-json\/wp\/v2\/pages\/20558\/revisions\/21079"}],"wp:attachment":[{"href":"https:\/\/www.mycasa.eu\/es\/wp-json\/wp\/v2\/media?parent=20558"}],"curies":[{"name":"wp","href":"https:\/\/api.w.org\/{rel}","templated":true}]}}