{"id":20554,"date":"2023-06-13T11:16:24","date_gmt":"2023-06-13T10:16:24","guid":{"rendered":"https:\/\/www.mycasa.eu\/proceso-de-compradores\/"},"modified":"2023-07-07T08:48:10","modified_gmt":"2023-07-07T07:48:10","slug":"proceso-de-compradores","status":"publish","type":"page","link":"https:\/\/www.mycasa.eu\/es\/proceso-de-compradores\/","title":{"rendered":"Proceso de Compradores"},"content":{"rendered":"\t\t<div data-elementor-type=\"wp-page\" data-elementor-id=\"20554\" class=\"elementor elementor-20554 elementor-19015\">\n\t\t\t\t\t\t<section class=\"elementor-section elementor-top-section elementor-element elementor-element-6fc74b2 elementor-section-height-min-height elementor-section-stretched elementor-section-boxed elementor-section-height-default elementor-section-items-middle\" data-id=\"6fc74b2\" data-element_type=\"section\" data-settings=\"{&quot;background_background&quot;:&quot;classic&quot;,&quot;stretch_section&quot;:&quot;section-stretched&quot;}\">\n\t\t\t\t\t\t\t<div class=\"elementor-background-overlay\"><\/div>\n\t\t\t\t\t\t\t<div class=\"elementor-container elementor-column-gap-default\">\n\t\t\t\t\t<div class=\"elementor-column elementor-col-100 elementor-top-column elementor-element elementor-element-afeb0bb\" data-id=\"afeb0bb\" data-element_type=\"column\">\n\t\t\t<div class=\"elementor-widget-wrap elementor-element-populated\">\n\t\t\t\t\t\t<div class=\"elementor-element elementor-element-3456bfe elementor-invisible elementor-widget elementor-widget-heading\" data-id=\"3456bfe\" data-element_type=\"widget\" data-settings=\"{&quot;_animation&quot;:&quot;fadeIn&quot;}\" data-widget_type=\"heading.default\">\n\t\t\t\t<div class=\"elementor-widget-container\">\n\t\t\t\t\t<h1 class=\"elementor-heading-title elementor-size-default\">Proceso de Compra<\/h1>\t\t\t\t<\/div>\n\t\t\t\t<\/div>\n\t\t\t\t<div class=\"elementor-element elementor-element-8981b02 elementor-invisible elementor-widget elementor-widget-heading\" data-id=\"8981b02\" data-element_type=\"widget\" data-settings=\"{&quot;_animation&quot;:&quot;fadeIn&quot;,&quot;_animation_delay&quot;:250}\" data-widget_type=\"heading.default\">\n\t\t\t\t<div class=\"elementor-widget-container\">\n\t\t\t\t\t<div class=\"elementor-heading-title elementor-size-default\">INMO HABITAT ONE - INMOBILIARIA<\/div>\t\t\t\t<\/div>\n\t\t\t\t<\/div>\n\t\t\t\t\t<\/div>\n\t\t<\/div>\n\t\t\t\t\t<\/div>\n\t\t<\/section>\n\t\t\t\t<section class=\"elementor-section elementor-top-section elementor-element elementor-element-41e3ced elementor-section-boxed elementor-section-height-default elementor-section-height-default\" data-id=\"41e3ced\" data-element_type=\"section\">\n\t\t\t\t\t\t<div class=\"elementor-container elementor-column-gap-default\">\n\t\t\t\t\t<div class=\"elementor-column elementor-col-100 elementor-top-column elementor-element elementor-element-ba67084\" data-id=\"ba67084\" data-element_type=\"column\">\n\t\t\t<div class=\"elementor-widget-wrap elementor-element-populated\">\n\t\t\t\t\t\t<div class=\"elementor-element elementor-element-bfa3348 elementor-widget elementor-widget-spacer\" data-id=\"bfa3348\" data-element_type=\"widget\" data-widget_type=\"spacer.default\">\n\t\t\t\t<div class=\"elementor-widget-container\">\n\t\t\t\t\t\t\t<div class=\"elementor-spacer\">\n\t\t\t<div class=\"elementor-spacer-inner\"><\/div>\n\t\t<\/div>\n\t\t\t\t\t\t<\/div>\n\t\t\t\t<\/div>\n\t\t\t\t<section class=\"elementor-section elementor-inner-section elementor-element elementor-element-3da61e7 elementor-section-full_width elementor-section-height-default elementor-section-height-default\" data-id=\"3da61e7\" data-element_type=\"section\">\n\t\t\t\t\t\t<div class=\"elementor-container elementor-column-gap-default\">\n\t\t\t\t\t<div class=\"elementor-column elementor-col-100 elementor-inner-column elementor-element elementor-element-f0bbbae\" data-id=\"f0bbbae\" data-element_type=\"column\">\n\t\t\t<div class=\"elementor-widget-wrap elementor-element-populated\">\n\t\t\t\t\t\t<div class=\"elementor-element elementor-element-2e87cdc elementor-invisible elementor-widget elementor-widget-heading\" data-id=\"2e87cdc\" data-element_type=\"widget\" data-settings=\"{&quot;_animation&quot;:&quot;fadeIn&quot;,&quot;_animation_delay&quot;:250}\" data-widget_type=\"heading.default\">\n\t\t\t\t<div class=\"elementor-widget-container\">\n\t\t\t\t\t<h2 class=\"elementor-heading-title elementor-size-default\">Proceso de compra con Habitat One Real Estate<\/h2>\t\t\t\t<\/div>\n\t\t\t\t<\/div>\n\t\t\t\t\t<\/div>\n\t\t<\/div>\n\t\t\t\t\t<\/div>\n\t\t<\/section>\n\t\t\t\t<div class=\"elementor-element elementor-element-9d03b28 elementor-widget elementor-widget-text-editor\" data-id=\"9d03b28\" data-element_type=\"widget\" data-widget_type=\"text-editor.default\">\n\t\t\t\t<div class=\"elementor-widget-container\">\n\t\t\t\t\t\t\t\t\t<p><strong>Contrato<\/strong><br \/>La Compra-Venta (contrato de compraventa) puede ser redactada por Habitat One Real Estate o por un representante legal. Para la redacci\u00f3n de los contratos es necesario acordar un precio, fecha de finalizaci\u00f3n, detalles de los compradores y vendedores. Nuestros contratos se redactan en ingl\u00e9s, franc\u00e9s y espa\u00f1ol asegurando que no haya ninguna ambig\u00fcedad. Una vez que firme el contrato y pague un dep\u00f3sito, el contrato ser\u00e1 legalmente vinculante para todas las partes.<\/p><p><strong>Dep\u00f3sito<\/strong><br \/>Una vez que haya elegido una propiedad, para asegurar su reserva le pediremos que pague un dep\u00f3sito en concepto de se\u00f1al. El importe puede variar desde 4.000\u20ac hasta el 10% del precio de compra. Sin embargo, nos esforzamos por cumplir con los requisitos de todos nuestros clientes. Debe tener en cuenta que, el dep\u00f3sito es reembolsable en su totalidad si existe alguna discrepancia con la legalidad vigente.<\/p><p><strong>I.V.A. (IVA)<\/strong><br \/>Recordamos que debe pagar este impuesto antes de que la Escritura (t\u00edtulo de propiedad) pueda registrarse a su nombre. En el caso de tratarse de una propiedad privada, el impuesto es del 10% del valor declarado registrado.<\/p><p><strong>Honorarios de notario<\/strong><br \/>Los honorarios del notario pueden variar entre 350 euros y 950 euros pero promedian el 1% del valor declarado de la propiedad.<\/p><p><strong>NIE Tarjetas de Identificaci\u00f3n \/ N\u00fameros<\/strong><br \/>Los compradores est\u00e1n obligados por LEY a obtener un n\u00famero de identificaci\u00f3n (N.I.E.), que le permitir\u00e1 abrir cuentas bancarias, comprar propiedades, conectar servicios p\u00fablicos y contratar seguros, etc. Estaremos encantados de proporcionar toda la asistencia necesaria durante todo el proceso.<\/p><p><strong>Cuenta bancaria<\/strong><br \/>Es necesario que abra una cuenta bancaria en Espa\u00f1a para completar la compra de una casa en territorio nacional. Una vez m\u00e1s, le proporcionaremos ayuda en todo momento. Le ayudaremos a elegir un banco local adecuado que le prestar\u00e1 asistencia integral.<\/p><p><strong>Transferencia de T\u00edtulo de Propiedad<\/strong><br \/>Se requiere el desembolso completo del precio pactado antes de que la Escritura (t\u00edtulo de propiedad) pueda transferirse a su nombre. Esto se realiza en la Oficina del Notario. Si est\u00e1 comprando una propiedad nueva que est\u00e1 en construcci\u00f3n, debe seguir el cronograma de pago a medida que el edificio llega a cada<br \/>etapa.<\/p><p><strong>Tasas de Registro de la Propiedad<\/strong><br \/>Las tasas de registro se basan en el valor registrado de la propiedad, que suele ser de unos 450 a 900 euros.<\/p>\t\t\t\t\t\t\t\t<\/div>\n\t\t\t\t<\/div>\n\t\t\t\t\t<\/div>\n\t\t<\/div>\n\t\t\t\t\t<\/div>\n\t\t<\/section>\n\t\t\t\t<section class=\"elementor-section elementor-top-section elementor-element elementor-element-e21d9ca elementor-section-boxed elementor-section-height-default elementor-section-height-default\" data-id=\"e21d9ca\" data-element_type=\"section\">\n\t\t\t\t\t\t<div class=\"elementor-container elementor-column-gap-default\">\n\t\t\t\t\t<div class=\"elementor-column elementor-col-100 elementor-top-column elementor-element elementor-element-7f65560\" data-id=\"7f65560\" data-element_type=\"column\">\n\t\t\t<div class=\"elementor-widget-wrap elementor-element-populated\">\n\t\t\t\t\t\t<section class=\"elementor-section elementor-inner-section elementor-element elementor-element-24db1b5 elementor-section-full_width elementor-section-content-middle elementor-section-height-default elementor-section-height-default elementor-invisible\" data-id=\"24db1b5\" data-element_type=\"section\" data-settings=\"{&quot;background_background&quot;:&quot;classic&quot;,&quot;animation&quot;:&quot;fadeIn&quot;}\">\n\t\t\t\t\t\t\t<div class=\"elementor-background-overlay\"><\/div>\n\t\t\t\t\t\t\t<div class=\"elementor-container elementor-column-gap-default\">\n\t\t\t\t\t<div class=\"elementor-column elementor-col-50 elementor-inner-column elementor-element elementor-element-1cb36b1\" data-id=\"1cb36b1\" data-element_type=\"column\">\n\t\t\t<div class=\"elementor-widget-wrap elementor-element-populated\">\n\t\t\t\t\t\t<div class=\"elementor-element elementor-element-f4e4699 elementor-invisible elementor-widget elementor-widget-heading\" data-id=\"f4e4699\" data-element_type=\"widget\" data-settings=\"{&quot;_animation&quot;:&quot;fadeIn&quot;,&quot;_animation_delay&quot;:250}\" data-widget_type=\"heading.default\">\n\t\t\t\t<div class=\"elementor-widget-container\">\n\t\t\t\t\t<h2 class=\"elementor-heading-title elementor-size-large\">\u00bfQU\u00c9 EST\u00c1 BUSCANDO?<\/h2>\t\t\t\t<\/div>\n\t\t\t\t<\/div>\n\t\t\t\t<div class=\"elementor-element elementor-element-c30f6a5 elementor-widget elementor-widget-text-editor\" data-id=\"c30f6a5\" data-element_type=\"widget\" data-widget_type=\"text-editor.default\">\n\t\t\t\t<div class=\"elementor-widget-container\">\n\t\t\t\t\t\t\t\t\t<p>Nuestra agencia inmobiliaria tiene propiedades exclusivas de lujo que son perfectas para clientes internacionales.<\/p>\t\t\t\t\t\t\t\t<\/div>\n\t\t\t\t<\/div>\n\t\t\t\t\t<\/div>\n\t\t<\/div>\n\t\t\t\t<div class=\"elementor-column elementor-col-50 elementor-inner-column elementor-element elementor-element-b7605e5\" data-id=\"b7605e5\" data-element_type=\"column\">\n\t\t\t<div class=\"elementor-widget-wrap elementor-element-populated\">\n\t\t\t\t\t\t<div class=\"elementor-element elementor-element-6b48ad0 elementor-button-align-stretch elementor-widget elementor-widget-houzez_elementor_inquiry_form\" data-id=\"6b48ad0\" data-element_type=\"widget\" data-widget_type=\"houzez_elementor_inquiry_form.default\">\n\t\t\t\t<div class=\"elementor-widget-container\">\n\t\t\t\t\t\n        <script type=\"application\/javascript\">\n            jQuery(document).bind(\"ready\", function () {\n                houzezValidateElementor(\"#houzez-form-6b48ad0\" );\n            });\n        <\/script>\n\n\n        <form class=\"elementor-form\" id=\"houzez-form-6b48ad0\" method=\"post\" name=\"Nueva forma\" action=\"https:\/\/www.mycasa.eu\/wp-admin\/admin-ajax.php\">\n            <input type=\"hidden\" name=\"form_id\" value=\"6b48ad0\"\/>\n            <input type=\"hidden\" name=\"action\" value=\"houzez_ele_inquiry_form\" \/>\n            <input type=\"hidden\" name=\"source_link\" value=\"https:\/\/www.mycasa.eu\/es\/proceso-de-compradores\/\" \/>\n            <input type=\"hidden\" name=\"lead_page_id\" value=\"20554\" \/>\n            <input type=\"hidden\" name=\"is_estimation\" value=\"yes\" \/>\n            <input type=\"hidden\" name=\"email_to\" value=\"info@mycasa.eu\" \/>\n            <input type=\"hidden\" name=\"email_subject\" value=\"Buyers form\" \/>\n            <input type=\"hidden\" name=\"email_to_cc\" value=\"\" \/>\n            <input type=\"hidden\" name=\"email_to_bcc\" value=\"\" \/>\n            <input type=\"hidden\" name=\"webhook\" value=\"false\" \/>\n            <input type=\"hidden\" name=\"webhook_url\" value=\"\" \/>\n            <input type=\"hidden\" name=\"redirect_to\" value=\"\" \/>\n            <input type=\"hidden\" name=\"google_recaptcha\" value=\"false\" \/>\n\n            <div class=\"elementor-form-fields-wrapper elementor-labels-above\">\n\n                                    <div class=\"elementor-field-group elementor-column form-group elementor-field-group-ac32e68 elementor-col-50 elementor-field-required\">\n                    <input type=\"text\" name=\"first_name\" id=\"form-field-ac32e68\" class=\"elementor-field form-control elementor-size-md elementor-field-textual\" placeholder=\"Nombre\" title=\"* Nombre\" required=\"required\">                    <\/div>\n\n                                        <div class=\"elementor-field-group elementor-column form-group elementor-field-group-7304c05 elementor-col-50 elementor-field-required\">\n                    <input type=\"text\" name=\"last_name\" id=\"form-field-7304c05\" class=\"elementor-field form-control elementor-size-md elementor-field-textual\" placeholder=\"Apellido\" title=\"* Apellido\" required=\"required\">                    <\/div>\n\n                                        <div class=\"elementor-field-group elementor-column form-group elementor-field-group-7b74074 elementor-col-50 elementor-field-required\">\n                    <input type=\"email\" name=\"email\" id=\"form-field-7b74074\" class=\"elementor-field form-control elementor-size-md elementor-field-textual\" placeholder=\"Email\" title=\"* Email\" required=\"required\">                    <\/div>\n\n                                        <div class=\"elementor-field-group elementor-column form-group elementor-field-group-e92d2c5 elementor-col-50 elementor-field-required\">\n                    <input type=\"text\" name=\"mobile\" id=\"form-field-e92d2c5\" class=\"elementor-field form-control elementor-size-md elementor-field-textual\" placeholder=\"N\u00famero de tel\u00e9fono\" title=\"* N\u00famero de tel\u00e9fono\" required=\"required\">                    <\/div>\n\n                                        <div class=\"elementor-field-group elementor-column form-group elementor-field-group-08ee178 elementor-col-50 elementor-field-required\">\n                            <div class=\"elementor-field elementor-select-wrapper\">\n            <select name=\"e_meta[property_type]\" id=\"form-field-08ee178\" class=\"elementor-field-textual form-control elementor-size-md\" required=\"required\" title=\"* Tipo de la propiedad\">\n                <option value=\"\">Tipo de la propiedad<\/option><option value=\"nueva-construccion\"> Nueva construcci\u00f3n<\/option><option value=\"villa-es\"> Villa<\/option><option value=\"apartamento\"> Apartamento<\/option><option value=\"casa-de-campo\"> Casa de Campo<\/option><option value=\"casa-adosada\"> Casa Adosada<\/option><option value=\"finca-es\"> Finca<\/option><option value=\"terreno\"> Terreno<\/option>            <\/select>\n        <\/div>\n                            <\/div>\n\n                                        <div class=\"elementor-field-group elementor-column form-group elementor-field-group-5e7d721 elementor-col-50\">\n                            <div class=\"elementor-field elementor-select-wrapper\">\n            <select name=\"e_meta[city]\" id=\"form-field-5e7d721\" class=\"elementor-field-textual form-control elementor-size-md\">\n                <option value=\"\">Ciudad<\/option><option data-ref=\"alcoy-es\" data-belong=\"\" value=\"alcoy-es\"> Alcoy<\/option><option data-ref=\"alicante-es\" data-belong=\"\" value=\"alicante-es\"> Alicante<\/option><option data-ref=\"banyeres-es\" data-belong=\"\" value=\"banyeres-es\"> Banyeres<\/option><option data-ref=\"biar-es\" data-belong=\"\" value=\"biar-es\"> Biar<\/option><option data-ref=\"cabo-roig-es\" data-belong=\"\" value=\"cabo-roig-es\"> Cabo Roig<\/option><option data-ref=\"castalla-alicante-es\" data-belong=\"\" value=\"castalla-alicante-es\"> Castalla Alicante<\/option><option data-ref=\"castalla-internacional-es\" data-belong=\"\" value=\"castalla-internacional-es\"> Castalla Internacional<\/option><option data-ref=\"el-campello-es\" data-belong=\"\" value=\"el-campello-es\"> El Campello<\/option><option data-ref=\"finca-terol-es\" data-belong=\"\" value=\"finca-terol-es\"> Finca Terol<\/option><option data-ref=\"gran-alacant-es\" data-belong=\"\" value=\"gran-alacant-es\"> Gran Alacant<\/option><option data-ref=\"guardamar-es\" data-belong=\"\" value=\"guardamar-es\"> Guardamar<\/option><option data-ref=\"ibi-alicante-es\" data-belong=\"\" value=\"ibi-alicante-es\"> Ibi Alicante<\/option><option data-ref=\"la-alcoraya-es\" data-belong=\"\" value=\"la-alcoraya-es\"> La Alcoraya<\/option><option data-ref=\"los-arenales-del-sol-es\" data-belong=\"\" value=\"los-arenales-del-sol-es\"> Los Arenales Del Sol<\/option><option data-ref=\"mutxamel-es\" data-belong=\"\" value=\"mutxamel-es\"> Mutxamel<\/option><option data-ref=\"onil-es\" data-belong=\"\" value=\"onil-es\"> Onil<\/option><option data-ref=\"ontinyent\" data-belong=\"\" value=\"ontinyent\"> Ontinyent<\/option><option data-ref=\"petrer-es\" data-belong=\"\" value=\"petrer-es\"> Petrer<\/option><option data-ref=\"san-isidro-es\" data-belong=\"\" value=\"san-isidro-es\"> San Isidro<\/option><option data-ref=\"san-vicente-del-raspeig-es\" data-belong=\"\" value=\"san-vicente-del-raspeig-es\"> San Vicente del Raspeig<\/option><option data-ref=\"sax-es\" data-belong=\"\" value=\"sax-es\"> Sax<\/option><option data-ref=\"tibi-es\" data-belong=\"\" value=\"tibi-es\"> Tibi<\/option><option data-ref=\"urb-la-marina-es\" data-belong=\"\" value=\"urb-la-marina-es\"> Urb. La Marina<\/option>            <\/select>\n        <\/div>\n                            <\/div>\n\n                                        <div class=\"elementor-field-group elementor-column form-group elementor-field-group-c3053de elementor-col-50 elementor-field-required\">\n                    <input type=\"number\" name=\"e_meta[beds]\" id=\"form-field-c3053de\" class=\"elementor-field form-control elementor-size-md elementor-field-textual\" placeholder=\"Dormitorios\" title=\"* Dormitorios\" required=\"required\" min=\"0\">                    <\/div>\n\n                                        <div class=\"elementor-field-group elementor-column form-group elementor-field-group-ca559d7 elementor-col-50 elementor-field-required\">\n                    <input type=\"number\" name=\"e_meta[baths]\" id=\"form-field-ca559d7\" class=\"elementor-field form-control elementor-size-md elementor-field-textual\" placeholder=\"Ba\u00f1os\" title=\"* Ba\u00f1os\" required=\"required\" min=\"0\">                    <\/div>\n\n                    \n                    \n                    \n                    <div class=\"elementor-field-group elementor-column elementor-field-type-submit elementor-col-100\">\n                    <button type=\"submit\" class=\"btn houzez-submit-button houzez-contact-form-js elementor-button elementor-size-md\">\n                        <i class=\"btn-loader houzez-loader-js\"><\/i>\n                                                    Enviar                                            <\/button>\n                <\/div>\n            <\/div><!-- End wrapper-->\n            <br\/>\n            <div class=\"ele-form-messages\"><\/div>\n            <div class=\"error-container\"><\/div>\n\n        <\/form>\n\n    \t\t\t\t<\/div>\n\t\t\t\t<\/div>\n\t\t\t\t\t<\/div>\n\t\t<\/div>\n\t\t\t\t\t<\/div>\n\t\t<\/section>\n\t\t\t\t\t<\/div>\n\t\t<\/div>\n\t\t\t\t\t<\/div>\n\t\t<\/section>\n\t\t\t\t<\/div>\n\t\t","protected":false},"excerpt":{"rendered":"<p>Proceso de Compra INMO HABITAT ONE &#8211; INMOBILIARIA Proceso de compra con Habitat One Real Estate ContratoLa Compra-Venta (contrato de compraventa) puede ser redactada por Habitat One Real Estate o por un representante legal. Para la redacci\u00f3n de los contratos es necesario acordar un precio, fecha de finalizaci\u00f3n, detalles de los compradores y vendedores. Nuestros [&hellip;]<\/p>\n","protected":false},"author":1,"featured_media":0,"parent":0,"menu_order":0,"comment_status":"closed","ping_status":"closed","template":"template\/template-homepage.php","meta":{"footnotes":""},"class_list":["post-20554","page","type-page","status-publish","hentry"],"_links":{"self":[{"href":"https:\/\/www.mycasa.eu\/es\/wp-json\/wp\/v2\/pages\/20554","targetHints":{"allow":["GET"]}}],"collection":[{"href":"https:\/\/www.mycasa.eu\/es\/wp-json\/wp\/v2\/pages"}],"about":[{"href":"https:\/\/www.mycasa.eu\/es\/wp-json\/wp\/v2\/types\/page"}],"author":[{"embeddable":true,"href":"https:\/\/www.mycasa.eu\/es\/wp-json\/wp\/v2\/users\/1"}],"replies":[{"embeddable":true,"href":"https:\/\/www.mycasa.eu\/es\/wp-json\/wp\/v2\/comments?post=20554"}],"version-history":[{"count":26,"href":"https:\/\/www.mycasa.eu\/es\/wp-json\/wp\/v2\/pages\/20554\/revisions"}],"predecessor-version":[{"id":21106,"href":"https:\/\/www.mycasa.eu\/es\/wp-json\/wp\/v2\/pages\/20554\/revisions\/21106"}],"wp:attachment":[{"href":"https:\/\/www.mycasa.eu\/es\/wp-json\/wp\/v2\/media?parent=20554"}],"curies":[{"name":"wp","href":"https:\/\/api.w.org\/{rel}","templated":true}]}}